{"id":8,"date":"2023-11-16T17:27:27","date_gmt":"2023-11-16T17:27:27","guid":{"rendered":"https:\/\/nvsz.hu\/hirek\/?page_id=8"},"modified":"2024-04-03T11:22:28","modified_gmt":"2024-04-03T11:22:28","slug":"elerhetoseg","status":"publish","type":"page","link":"https:\/\/nvsz.hu\/hirek\/?page_id=8","title":{"rendered":"El\u00e9rhet\u0151s\u00e9g"},"content":{"rendered":"\n<h2 class=\"wp-block-heading\">Kapcsolat, panaszok, k\u00f6z\u00e9rdek\u0171 bejelent\u00e9sek megt\u00e9tele<\/h2>\n\n\n\n<p>A Nemzeti V\u00e9delmi Szolg\u00e1lat nem m\u0171k\u00f6dtet panaszirod\u00e1t, nincs \u00fcgyf\u00e9lfogad\u00e1s, \u00edgy szem\u00e9lyes bejelent\u00e9sek megt\u00e9tel\u00e9re nincs lehet\u0151s\u00e9g. Beadv\u00e1nyaikat al\u00e1bbi el\u00e9rhet\u0151s\u00e9geinken v\u00e1rjuk:1101 Budapest, Kerepesi \u00fat 47-49.<br>Postac\u00edm: 1391 Pf.: 239.<br>Telefon: 433-9722<\/p>\n\n\n\n<p>Z\u00f6ld sz\u00e1m: 06-80-200-974<\/p>\n\n\n\n<p>Web:&nbsp;<a href=\"http:\/\/www.nvsz.hu\/\">http:\/\/www.nvsz.hu<\/a><br>E-mail c\u00edm:&nbsp;<a href=\"mailto:nvsz@nvsz.hu\">nvsz@nvsz.hu<\/a><\/p>\n\n\n\n<h2 class=\"wp-block-heading\">Sajt\u00f3kapcsolat:<\/h2>\n\n\n\n<p>E-mail c\u00edm: <a href=\"mailto:sajto@nvsz.hu\">sajto@nvsz.hu<\/a><\/p>\n\n\n\n<h2 class=\"wp-block-heading\">Fel\u00fcgyeleti szerv<\/h2>\n\n\n\n<p>Bel\u00fcgyminiszt\u00e9rium<br>1051 Budapest, J\u00f3zsef Attila u. 2-4.<br>Tel.: 36 1 441-1000<br>Fax: 36 1 441-1437<br>Web:&nbsp;<a href=\"http:\/\/www.kormany.hu\/hu\/belugyminiszterium\">http:\/\/www.kormany.hu\/hu\/belugyminiszterium<\/a><\/p>\n","protected":false},"excerpt":{"rendered":"<p>Kapcsolat, panaszok, k\u00f6z\u00e9rdek\u0171 bejelent\u00e9sek megt\u00e9tele A Nemzeti V\u00e9delmi Szolg\u00e1lat nem m\u0171k\u00f6dtet panaszirod\u00e1t, nincs \u00fcgyf\u00e9lfogad\u00e1s, \u00edgy szem\u00e9lyes bejelent\u00e9sek megt\u00e9tel\u00e9re nincs lehet\u0151s\u00e9g. Beadv\u00e1nyaikat al\u00e1bbi el\u00e9rhet\u0151s\u00e9geinken v\u00e1rjuk:1101 Budapest, Kerepesi \u00fat 47-49.Postac\u00edm: 1391 Pf.: 239.Telefon: 433-9722 Z\u00f6ld sz\u00e1m: 06-80-200-974 Web:&nbsp;http:\/\/www.nvsz.huE-mail c\u00edm:&nbsp;nvsz@nvsz.hu Sajt\u00f3kapcsolat: E-mail c\u00edm: sajto@nvsz.hu Fel\u00fcgyeleti szerv Bel\u00fcgyminiszt\u00e9rium1051 Budapest, J\u00f3zsef Attila u. 2-4.Tel.: 36 1 441-1000Fax: 36 1 441-1437Web:&nbsp;http:\/\/www.kormany.hu\/hu\/belugyminiszterium<\/p>\n","protected":false},"author":1,"featured_media":0,"parent":0,"menu_order":0,"comment_status":"closed","ping_status":"closed","template":"","meta":{"site-container-style":"default","site-container-layout":"default","site-sidebar-layout":"default","disable-article-header":"default","disable-site-header":"default","disable-site-footer":"default","disable-content-area-spacing":"default","iawp_total_views":837,"footnotes":""},"class_list":["post-8","page","type-page","status-publish","hentry"],"_links":{"self":[{"href":"https:\/\/nvsz.hu\/hirek\/index.php?rest_route=\/wp\/v2\/pages\/8","targetHints":{"allow":["GET"]}}],"collection":[{"href":"https:\/\/nvsz.hu\/hirek\/index.php?rest_route=\/wp\/v2\/pages"}],"about":[{"href":"https:\/\/nvsz.hu\/hirek\/index.php?rest_route=\/wp\/v2\/types\/page"}],"author":[{"embeddable":true,"href":"https:\/\/nvsz.hu\/hirek\/index.php?rest_route=\/wp\/v2\/users\/1"}],"replies":[{"embeddable":true,"href":"https:\/\/nvsz.hu\/hirek\/index.php?rest_route=%2Fwp%2Fv2%2Fcomments&post=8"}],"version-history":[{"count":5,"href":"https:\/\/nvsz.hu\/hirek\/index.php?rest_route=\/wp\/v2\/pages\/8\/revisions"}],"predecessor-version":[{"id":204,"href":"https:\/\/nvsz.hu\/hirek\/index.php?rest_route=\/wp\/v2\/pages\/8\/revisions\/204"}],"wp:attachment":[{"href":"https:\/\/nvsz.hu\/hirek\/index.php?rest_route=%2Fwp%2Fv2%2Fmedia&parent=8"}],"curies":[{"name":"wp","href":"https:\/\/api.w.org\/{rel}","templated":true}]}}